{"id":12952,"date":"2019-07-17T16:28:51","date_gmt":"2019-07-17T13:28:51","guid":{"rendered":"http:\/\/www.travelmugla.com\/?page_id=12952"},"modified":"2019-10-21T15:49:04","modified_gmt":"2019-10-21T12:49:04","slug":"camping-and-nature","status":"publish","type":"page","link":"https:\/\/travelmugla.com\/en\/camping-and-nature\/","title":{"rendered":"CAMPING and NATURE"},"content":{"rendered":"<p>[et_pb_section bb_built=&#8221;1&#8243; next_background_color=&#8221;#000000&#8243;][et_pb_row][et_pb_column type=&#8221;4_4&#8243;][et_pb_search _builder_version=&#8221;3.15&#8243; placeholder=&#8221;Kamp hakk\u0131nda hangi bilgiye ihtiyac\u0131n var?&#8221; exclude_pages=&#8221;on&#8221; exclude_posts=&#8221;off&#8221; include_categories=&#8221;98,27,35,30,48,1,19,42,183,118,106,133,169,79,46&#8243; \/][et_pb_featured_posts_slider _builder_version=&#8221;3.15&#8243; category_id=&#8221;60&#8243; display_featured_posts_only=&#8221;off&#8221; ignore_displayed_posts=&#8221;off&#8221; show_author=&#8221;on&#8221; show_categories=&#8221;on&#8221; show_comments=&#8221;on&#8221; show_rating=&#8221;on&#8221; show_date=&#8221;off&#8221; remove_drop_shadow=&#8221;off&#8221; \/][\/et_pb_column][\/et_pb_row][\/et_pb_section][et_pb_section bb_built=&#8221;1&#8243; fullwidth=&#8221;off&#8221; specialty=&#8221;off&#8221; prev_background_color=&#8221;#000000&#8243;][et_pb_row][et_pb_column type=&#8221;4_4&#8243;][et_pb_posts_blog_feed_standard _builder_version=&#8221;3.15&#8243; category_id=&#8221;60&#8243; display_featured_posts_only=&#8221;off&#8221; ignore_displayed_posts=&#8221;off&#8221; content_length=&#8221;excerpt&#8221; show_pagination=&#8221;on&#8221; show_author=&#8221;on&#8221; show_categories=&#8221;on&#8221; show_featured_image=&#8221;on&#8221; show_date=&#8221;on&#8221; show_comments=&#8221;on&#8221; show_rating=&#8221;on&#8221; show_more=&#8221;on&#8221; remove_drop_shadow=&#8221;off&#8221; \/][\/et_pb_column][\/et_pb_row][\/et_pb_section]<\/p>\n","protected":false},"excerpt":{"rendered":"<p>[et_pb_section bb_built=&#8221;1&#8243; next_background_color=&#8221;#000000&#8243;][et_pb_row][et_pb_column type=&#8221;4_4&#8243;][et_pb_search _builder_version=&#8221;3.15&#8243; placeholder=&#8221;Kamp hakk\u0131nda hangi bilgiye ihtiyac\u0131n var?&#8221; exclude_pages=&#8221;on&#8221; exclude_posts=&#8221;off&#8221; include_categories=&#8221;98,27,35,30,48,1,19,42,183,118,106,133,169,79,46&#8243; \/][et_pb_featured_posts_slider _builder_version=&#8221;3.15&#8243; category_id=&#8221;60&#8243; display_featured_posts_only=&#8221;off&#8221; ignore_displayed_posts=&#8221;off&#8221; show_author=&#8221;on&#8221; show_categories=&#8221;on&#8221; show_comments=&#8221;on&#8221; show_rating=&#8221;on&#8221; show_date=&#8221;off&#8221; remove_drop_shadow=&#8221;off&#8221; \/][\/et_pb_column][\/et_pb_row][\/et_pb_section][et_pb_section bb_built=&#8221;1&#8243; fullwidth=&#8221;off&#8221; specialty=&#8221;off&#8221; prev_background_color=&#8221;#000000&#8243;][et_pb_row][et_pb_column type=&#8221;4_4&#8243;][et_pb_posts_blog_feed_standard _builder_version=&#8221;3.15&#8243; category_id=&#8221;60&#8243; display_featured_posts_only=&#8221;off&#8221; ignore_displayed_posts=&#8221;off&#8221; content_length=&#8221;excerpt&#8221; show_pagination=&#8221;on&#8221; show_author=&#8221;on&#8221; show_categories=&#8221;on&#8221; show_featured_image=&#8221;on&#8221; show_date=&#8221;on&#8221; show_comments=&#8221;on&#8221; show_rating=&#8221;on&#8221; show_more=&#8221;on&#8221; remove_drop_shadow=&#8221;off&#8221; \/][\/et_pb_column][\/et_pb_row][\/et_pb_section]<\/p>\n","protected":false},"author":1,"featured_media":0,"parent":0,"menu_order":0,"comment_status":"closed","ping_status":"closed","template":"","meta":{"_mi_skip_tracking":false},"yoast_head":"<!-- This site is optimized with the Yoast SEO plugin v20.6 - https:\/\/yoast.com\/wordpress\/plugins\/seo\/ -->\n<title>CAMPING and NATURE - Mugla is Always Best Idea - Mu\u011fla Her Zaman \u0130yi Bir Fikirdir<\/title>\n<meta name=\"description\" content=\"Mu\u011fla&#039;da bulunan \u00fccretli yada \u00fccretsiz kamp alanlar\u0131 ve kamp yapmak i\u00e7in ihtiyac\u0131n\u0131z olan t\u00fcm bilgiler... Mugla is Always Best Idea - CAMPING and NATURE\" \/>\n<meta name=\"robots\" content=\"index, follow, max-snippet:-1, max-image-preview:large, max-video-preview:-1\" \/>\n<link rel=\"canonical\" href=\"https:\/\/travelmugla.com\/en\/camping-and-nature\/\" \/>\n<meta property=\"og:locale\" content=\"tr_TR\" \/>\n<meta property=\"og:type\" content=\"article\" \/>\n<meta property=\"og:title\" content=\"CAMPING and NATURE - Mugla is Always Best Idea - Mu\u011fla Her Zaman \u0130yi Bir Fikirdir\" \/>\n<meta property=\"og:description\" content=\"Mu\u011fla&#039;da bulunan \u00fccretli yada \u00fccretsiz kamp alanlar\u0131 ve kamp yapmak i\u00e7in ihtiyac\u0131n\u0131z olan t\u00fcm bilgiler... Mugla is Always Best Idea - CAMPING and NATURE\" \/>\n<meta property=\"og:url\" content=\"https:\/\/travelmugla.com\/en\/camping-and-nature\/\" \/>\n<meta property=\"og:site_name\" content=\"Mugla is Always Best Idea\" \/>\n<meta property=\"article:modified_time\" content=\"2019-10-21T12:49:04+00:00\" \/>\n<meta name=\"twitter:card\" content=\"summary_large_image\" \/>\n<meta name=\"twitter:label1\" content=\"Tahmini okuma s\u00fcresi\" \/>\n\t<meta name=\"twitter:data1\" content=\"1 dakika\" \/>\n<script type=\"application\/ld+json\" class=\"yoast-schema-graph\">{\"@context\":\"https:\/\/schema.org\",\"@graph\":[{\"@type\":\"WebPage\",\"@id\":\"https:\/\/travelmugla.com\/en\/camping-and-nature\/\",\"url\":\"https:\/\/travelmugla.com\/en\/camping-and-nature\/\",\"name\":\"CAMPING and NATURE - Mugla is Always Best Idea - Mu\u011fla Her Zaman \u0130yi Bir Fikirdir\",\"isPartOf\":{\"@id\":\"https:\/\/travelmugla.com\/en\/#website\"},\"datePublished\":\"2019-07-17T13:28:51+00:00\",\"dateModified\":\"2019-10-21T12:49:04+00:00\",\"description\":\"Mu\u011fla'da bulunan \u00fccretli yada \u00fccretsiz kamp alanlar\u0131 ve kamp yapmak i\u00e7in ihtiyac\u0131n\u0131z olan t\u00fcm bilgiler... Mugla is Always Best Idea - CAMPING and NATURE\",\"breadcrumb\":{\"@id\":\"https:\/\/travelmugla.com\/en\/camping-and-nature\/#breadcrumb\"},\"inLanguage\":\"tr\",\"potentialAction\":[{\"@type\":\"ReadAction\",\"target\":[\"https:\/\/travelmugla.com\/en\/camping-and-nature\/\"]}]},{\"@type\":\"BreadcrumbList\",\"@id\":\"https:\/\/travelmugla.com\/en\/camping-and-nature\/#breadcrumb\",\"itemListElement\":[{\"@type\":\"ListItem\",\"position\":1,\"name\":\"Ana sayfa\",\"item\":\"https:\/\/travelmugla.com\/en\/\"},{\"@type\":\"ListItem\",\"position\":2,\"name\":\"CAMPING and NATURE\"}]},{\"@type\":\"WebSite\",\"@id\":\"https:\/\/travelmugla.com\/en\/#website\",\"url\":\"https:\/\/travelmugla.com\/en\/\",\"name\":\"Mugla is Always Best Idea\",\"description\":\"Mugla is Always Best Idea\",\"potentialAction\":[{\"@type\":\"SearchAction\",\"target\":{\"@type\":\"EntryPoint\",\"urlTemplate\":\"https:\/\/travelmugla.com\/en\/?s={search_term_string}\"},\"query-input\":\"required name=search_term_string\"}],\"inLanguage\":\"tr\"}]}<\/script>\n<!-- \/ Yoast SEO plugin. -->","yoast_head_json":{"title":"CAMPING and NATURE - Mugla is Always Best Idea - Mu\u011fla Her Zaman \u0130yi Bir Fikirdir","description":"Mu\u011fla'da bulunan \u00fccretli yada \u00fccretsiz kamp alanlar\u0131 ve kamp yapmak i\u00e7in ihtiyac\u0131n\u0131z olan t\u00fcm bilgiler... Mugla is Always Best Idea - CAMPING and NATURE","robots":{"index":"index","follow":"follow","max-snippet":"max-snippet:-1","max-image-preview":"max-image-preview:large","max-video-preview":"max-video-preview:-1"},"canonical":"https:\/\/travelmugla.com\/en\/camping-and-nature\/","og_locale":"tr_TR","og_type":"article","og_title":"CAMPING and NATURE - Mugla is Always Best Idea - Mu\u011fla Her Zaman \u0130yi Bir Fikirdir","og_description":"Mu\u011fla'da bulunan \u00fccretli yada \u00fccretsiz kamp alanlar\u0131 ve kamp yapmak i\u00e7in ihtiyac\u0131n\u0131z olan t\u00fcm bilgiler... Mugla is Always Best Idea - CAMPING and NATURE","og_url":"https:\/\/travelmugla.com\/en\/camping-and-nature\/","og_site_name":"Mugla is Always Best Idea","article_modified_time":"2019-10-21T12:49:04+00:00","twitter_card":"summary_large_image","twitter_misc":{"Tahmini okuma s\u00fcresi":"1 dakika"},"schema":{"@context":"https:\/\/schema.org","@graph":[{"@type":"WebPage","@id":"https:\/\/travelmugla.com\/en\/camping-and-nature\/","url":"https:\/\/travelmugla.com\/en\/camping-and-nature\/","name":"CAMPING and NATURE - Mugla is Always Best Idea - Mu\u011fla Her Zaman \u0130yi Bir Fikirdir","isPartOf":{"@id":"https:\/\/travelmugla.com\/en\/#website"},"datePublished":"2019-07-17T13:28:51+00:00","dateModified":"2019-10-21T12:49:04+00:00","description":"Mu\u011fla'da bulunan \u00fccretli yada \u00fccretsiz kamp alanlar\u0131 ve kamp yapmak i\u00e7in ihtiyac\u0131n\u0131z olan t\u00fcm bilgiler... Mugla is Always Best Idea - CAMPING and NATURE","breadcrumb":{"@id":"https:\/\/travelmugla.com\/en\/camping-and-nature\/#breadcrumb"},"inLanguage":"tr","potentialAction":[{"@type":"ReadAction","target":["https:\/\/travelmugla.com\/en\/camping-and-nature\/"]}]},{"@type":"BreadcrumbList","@id":"https:\/\/travelmugla.com\/en\/camping-and-nature\/#breadcrumb","itemListElement":[{"@type":"ListItem","position":1,"name":"Ana sayfa","item":"https:\/\/travelmugla.com\/en\/"},{"@type":"ListItem","position":2,"name":"CAMPING and NATURE"}]},{"@type":"WebSite","@id":"https:\/\/travelmugla.com\/en\/#website","url":"https:\/\/travelmugla.com\/en\/","name":"Mugla is Always Best Idea","description":"Mugla is Always Best Idea","potentialAction":[{"@type":"SearchAction","target":{"@type":"EntryPoint","urlTemplate":"https:\/\/travelmugla.com\/en\/?s={search_term_string}"},"query-input":"required name=search_term_string"}],"inLanguage":"tr"}]}},"_links":{"self":[{"href":"https:\/\/travelmugla.com\/en\/wp-json\/wp\/v2\/pages\/12952"}],"collection":[{"href":"https:\/\/travelmugla.com\/en\/wp-json\/wp\/v2\/pages"}],"about":[{"href":"https:\/\/travelmugla.com\/en\/wp-json\/wp\/v2\/types\/page"}],"author":[{"embeddable":true,"href":"https:\/\/travelmugla.com\/en\/wp-json\/wp\/v2\/users\/1"}],"replies":[{"embeddable":true,"href":"https:\/\/travelmugla.com\/en\/wp-json\/wp\/v2\/comments?post=12952"}],"version-history":[{"count":1,"href":"https:\/\/travelmugla.com\/en\/wp-json\/wp\/v2\/pages\/12952\/revisions"}],"predecessor-version":[{"id":13572,"href":"https:\/\/travelmugla.com\/en\/wp-json\/wp\/v2\/pages\/12952\/revisions\/13572"}],"wp:attachment":[{"href":"https:\/\/travelmugla.com\/en\/wp-json\/wp\/v2\/media?parent=12952"}],"curies":[{"name":"wp","href":"https:\/\/api.w.org\/{rel}","templated":true}]}}