{"id":13121,"date":"2019-07-31T10:47:25","date_gmt":"2019-07-31T07:47:25","guid":{"rendered":"http:\/\/www.travelmugla.com\/?page_id=13121"},"modified":"2019-11-05T13:51:11","modified_gmt":"2019-11-05T10:51:11","slug":"about-us","status":"publish","type":"page","link":"https:\/\/travelmugla.com\/en\/about-us\/","title":{"rendered":"About Us"},"content":{"rendered":"<p>[et_pb_section bb_built=&#8221;1&#8243; _builder_version=&#8221;3.15&#8243;][et_pb_row _builder_version=&#8221;3.15&#8243;][et_pb_column type=&#8221;4_4&#8243;][et_pb_divider _builder_version=&#8221;3.15&#8243;]<\/p>\n<p>&nbsp;<\/p>\n<p>[\/et_pb_divider][\/et_pb_column][\/et_pb_row][et_pb_row _builder_version=&#8221;3.15&#8243;][et_pb_column type=&#8221;4_4&#8243;][et_pb_text _builder_version=&#8221;3.15&#8243;]<\/p>\n<p>2017 y\u0131l\u0131nda instagram sayfas\u0131 ve internet sitesi ile yay\u0131n hayat\u0131na ba\u015flad\u0131k. Instagram sayfas\u0131n\u0131n\u00a0 k\u0131sa zamanda h\u0131zl\u0131 bir \u015fekilde b\u00fcy\u00fcmesi sonucunda Mu\u011fla&#8217;da ger\u00e7ekle\u015ftirilen sanat, do\u011fa ve sosyal sorumluluk etkinliklerinin kitlelere duyurulmas\u0131nda \u00f6nemli rol ald\u0131k. Ayn\u0131 zamanda internet sitemizde bulunan rehberler sayesinde gezginler i\u00e7in bir kaynak olu\u015fmaktad\u0131r.<\/p>\n<p>2019 y\u0131l\u0131ndan itibaren travelmugla ailesinin b\u00fcy\u00fcmesiyle do\u011fal g\u00fczelliklerin korunmas\u0131 konusunda kamu oyu bilincinin olu\u015fturulmas\u0131 hedeflerimiz aras\u0131ndad\u0131r.<\/p>\n<p>&nbsp;<\/p>\n<p>Sayg\u0131lar\u0131m\u0131zla,<\/p>\n<p>travelmugla ekibi<\/p>\n<p>&nbsp;<\/p>\n<p>&nbsp;<\/p>\n<p>[\/et_pb_text][\/et_pb_column][\/et_pb_row][\/et_pb_section]<\/p>\n","protected":false},"excerpt":{"rendered":"<p>travelmugla.com vizyon misyon<\/p>\n","protected":false},"author":1,"featured_media":0,"parent":0,"menu_order":0,"comment_status":"closed","ping_status":"closed","template":"","meta":{"_mi_skip_tracking":false},"yoast_head":"<!-- This site is optimized with the Yoast SEO plugin v20.6 - https:\/\/yoast.com\/wordpress\/plugins\/seo\/ -->\n<title>About Us - Mugla is Always Best Idea<\/title>\n<meta name=\"robots\" content=\"index, follow, max-snippet:-1, max-image-preview:large, max-video-preview:-1\" \/>\n<link rel=\"canonical\" href=\"https:\/\/travelmugla.com\/en\/about-us\/\" \/>\n<meta property=\"og:locale\" content=\"tr_TR\" \/>\n<meta property=\"og:type\" content=\"article\" \/>\n<meta property=\"og:title\" content=\"About Us - Mugla is Always Best Idea\" \/>\n<meta property=\"og:description\" content=\"travelmugla.com vizyon misyon\" \/>\n<meta property=\"og:url\" content=\"https:\/\/travelmugla.com\/en\/about-us\/\" \/>\n<meta property=\"og:site_name\" content=\"Mugla is Always Best Idea\" \/>\n<meta property=\"article:modified_time\" content=\"2019-11-05T10:51:11+00:00\" \/>\n<meta name=\"twitter:card\" content=\"summary_large_image\" \/>\n<meta name=\"twitter:label1\" content=\"Tahmini okuma s\u00fcresi\" \/>\n\t<meta name=\"twitter:data1\" content=\"1 dakika\" \/>\n<script type=\"application\/ld+json\" class=\"yoast-schema-graph\">{\"@context\":\"https:\/\/schema.org\",\"@graph\":[{\"@type\":\"WebPage\",\"@id\":\"https:\/\/travelmugla.com\/en\/about-us\/\",\"url\":\"https:\/\/travelmugla.com\/en\/about-us\/\",\"name\":\"About Us - Mugla is Always Best Idea\",\"isPartOf\":{\"@id\":\"https:\/\/travelmugla.com\/en\/#website\"},\"datePublished\":\"2019-07-31T07:47:25+00:00\",\"dateModified\":\"2019-11-05T10:51:11+00:00\",\"breadcrumb\":{\"@id\":\"https:\/\/travelmugla.com\/en\/about-us\/#breadcrumb\"},\"inLanguage\":\"tr\",\"potentialAction\":[{\"@type\":\"ReadAction\",\"target\":[\"https:\/\/travelmugla.com\/en\/about-us\/\"]}]},{\"@type\":\"BreadcrumbList\",\"@id\":\"https:\/\/travelmugla.com\/en\/about-us\/#breadcrumb\",\"itemListElement\":[{\"@type\":\"ListItem\",\"position\":1,\"name\":\"Ana sayfa\",\"item\":\"https:\/\/travelmugla.com\/en\/\"},{\"@type\":\"ListItem\",\"position\":2,\"name\":\"About Us\"}]},{\"@type\":\"WebSite\",\"@id\":\"https:\/\/travelmugla.com\/en\/#website\",\"url\":\"https:\/\/travelmugla.com\/en\/\",\"name\":\"Mugla is Always Best Idea\",\"description\":\"Mugla is Always Best Idea\",\"potentialAction\":[{\"@type\":\"SearchAction\",\"target\":{\"@type\":\"EntryPoint\",\"urlTemplate\":\"https:\/\/travelmugla.com\/en\/?s={search_term_string}\"},\"query-input\":\"required name=search_term_string\"}],\"inLanguage\":\"tr\"}]}<\/script>\n<!-- \/ Yoast SEO plugin. -->","yoast_head_json":{"title":"About Us - Mugla is Always Best Idea","robots":{"index":"index","follow":"follow","max-snippet":"max-snippet:-1","max-image-preview":"max-image-preview:large","max-video-preview":"max-video-preview:-1"},"canonical":"https:\/\/travelmugla.com\/en\/about-us\/","og_locale":"tr_TR","og_type":"article","og_title":"About Us - Mugla is Always Best Idea","og_description":"travelmugla.com vizyon misyon","og_url":"https:\/\/travelmugla.com\/en\/about-us\/","og_site_name":"Mugla is Always Best Idea","article_modified_time":"2019-11-05T10:51:11+00:00","twitter_card":"summary_large_image","twitter_misc":{"Tahmini okuma s\u00fcresi":"1 dakika"},"schema":{"@context":"https:\/\/schema.org","@graph":[{"@type":"WebPage","@id":"https:\/\/travelmugla.com\/en\/about-us\/","url":"https:\/\/travelmugla.com\/en\/about-us\/","name":"About Us - Mugla is Always Best Idea","isPartOf":{"@id":"https:\/\/travelmugla.com\/en\/#website"},"datePublished":"2019-07-31T07:47:25+00:00","dateModified":"2019-11-05T10:51:11+00:00","breadcrumb":{"@id":"https:\/\/travelmugla.com\/en\/about-us\/#breadcrumb"},"inLanguage":"tr","potentialAction":[{"@type":"ReadAction","target":["https:\/\/travelmugla.com\/en\/about-us\/"]}]},{"@type":"BreadcrumbList","@id":"https:\/\/travelmugla.com\/en\/about-us\/#breadcrumb","itemListElement":[{"@type":"ListItem","position":1,"name":"Ana sayfa","item":"https:\/\/travelmugla.com\/en\/"},{"@type":"ListItem","position":2,"name":"About Us"}]},{"@type":"WebSite","@id":"https:\/\/travelmugla.com\/en\/#website","url":"https:\/\/travelmugla.com\/en\/","name":"Mugla is Always Best Idea","description":"Mugla is Always Best Idea","potentialAction":[{"@type":"SearchAction","target":{"@type":"EntryPoint","urlTemplate":"https:\/\/travelmugla.com\/en\/?s={search_term_string}"},"query-input":"required name=search_term_string"}],"inLanguage":"tr"}]}},"_links":{"self":[{"href":"https:\/\/travelmugla.com\/en\/wp-json\/wp\/v2\/pages\/13121"}],"collection":[{"href":"https:\/\/travelmugla.com\/en\/wp-json\/wp\/v2\/pages"}],"about":[{"href":"https:\/\/travelmugla.com\/en\/wp-json\/wp\/v2\/types\/page"}],"author":[{"embeddable":true,"href":"https:\/\/travelmugla.com\/en\/wp-json\/wp\/v2\/users\/1"}],"replies":[{"embeddable":true,"href":"https:\/\/travelmugla.com\/en\/wp-json\/wp\/v2\/comments?post=13121"}],"version-history":[{"count":1,"href":"https:\/\/travelmugla.com\/en\/wp-json\/wp\/v2\/pages\/13121\/revisions"}],"predecessor-version":[{"id":13670,"href":"https:\/\/travelmugla.com\/en\/wp-json\/wp\/v2\/pages\/13121\/revisions\/13670"}],"wp:attachment":[{"href":"https:\/\/travelmugla.com\/en\/wp-json\/wp\/v2\/media?parent=13121"}],"curies":[{"name":"wp","href":"https:\/\/api.w.org\/{rel}","templated":true}]}}