{"id":13131,"date":"2019-08-05T13:29:46","date_gmt":"2019-08-05T10:29:46","guid":{"rendered":"http:\/\/www.travelmugla.com\/?page_id=13131"},"modified":"2019-11-05T13:50:39","modified_gmt":"2019-11-05T10:50:39","slug":"contact-us","status":"publish","type":"page","link":"https:\/\/travelmugla.com\/en\/contact-us\/","title":{"rendered":"Contact Us"},"content":{"rendered":"<p><strong><span style=\"font-family: helvetica, arial, sans-serif; font-size: 14pt;\">Bize Ula\u015f\u0131n<\/span><\/strong><\/p>\n<p class=\"wpcf7-contact-form-not-found\"><strong>Error:<\/strong> Contact form not found.<\/p>\n<p>&nbsp;<\/p>\n","protected":false},"excerpt":{"rendered":"<p>Travelmugla.com olarak \u00e7\u0131kt\u0131\u011f\u0131m\u0131z bu yolda kurumsal i\u015fbirli\u011fi, tak\u0131m arkada\u015fl\u0131\u011f\u0131, sosyal sorumluluk projeleri&#8230;<\/p>\n","protected":false},"author":1,"featured_media":0,"parent":0,"menu_order":0,"comment_status":"closed","ping_status":"closed","template":"","meta":{"_mi_skip_tracking":false},"yoast_head":"<!-- This site is optimized with the Yoast SEO plugin v20.6 - https:\/\/yoast.com\/wordpress\/plugins\/seo\/ -->\n<title>Contact Us - Mugla is Always Best Idea<\/title>\n<meta name=\"description\" content=\"Travelmugla.com olarak \u00e7\u0131kt\u0131\u011f\u0131m\u0131z bu yolda kurumsal i\u015fbirli\u011fi, tak\u0131m arkada\u015fl\u0131\u011f\u0131, sosyal sorumluluk projeleri, istek, \u00f6neri konular\u0131na her zaman a\u00e7\u0131\u011f\u0131z.\" \/>\n<meta name=\"robots\" content=\"index, follow, max-snippet:-1, max-image-preview:large, max-video-preview:-1\" \/>\n<link rel=\"canonical\" href=\"https:\/\/travelmugla.com\/en\/contact-us\/\" \/>\n<meta property=\"og:locale\" content=\"tr_TR\" \/>\n<meta property=\"og:type\" content=\"article\" \/>\n<meta property=\"og:title\" content=\"Contact Us - Mugla is Always Best Idea\" \/>\n<meta property=\"og:description\" content=\"Travelmugla.com olarak \u00e7\u0131kt\u0131\u011f\u0131m\u0131z bu yolda kurumsal i\u015fbirli\u011fi, tak\u0131m arkada\u015fl\u0131\u011f\u0131, sosyal sorumluluk projeleri, istek, \u00f6neri konular\u0131na her zaman a\u00e7\u0131\u011f\u0131z.\" \/>\n<meta property=\"og:url\" content=\"https:\/\/travelmugla.com\/en\/contact-us\/\" \/>\n<meta property=\"og:site_name\" content=\"Mugla is Always Best Idea\" \/>\n<meta property=\"article:modified_time\" content=\"2019-11-05T10:50:39+00:00\" \/>\n<meta name=\"twitter:card\" content=\"summary_large_image\" \/>\n<script type=\"application\/ld+json\" class=\"yoast-schema-graph\">{\"@context\":\"https:\/\/schema.org\",\"@graph\":[{\"@type\":\"WebPage\",\"@id\":\"https:\/\/travelmugla.com\/en\/contact-us\/\",\"url\":\"https:\/\/travelmugla.com\/en\/contact-us\/\",\"name\":\"Contact Us - Mugla is Always Best Idea\",\"isPartOf\":{\"@id\":\"https:\/\/travelmugla.com\/en\/#website\"},\"datePublished\":\"2019-08-05T10:29:46+00:00\",\"dateModified\":\"2019-11-05T10:50:39+00:00\",\"description\":\"Travelmugla.com olarak \u00e7\u0131kt\u0131\u011f\u0131m\u0131z bu yolda kurumsal i\u015fbirli\u011fi, tak\u0131m arkada\u015fl\u0131\u011f\u0131, sosyal sorumluluk projeleri, istek, \u00f6neri konular\u0131na her zaman a\u00e7\u0131\u011f\u0131z.\",\"breadcrumb\":{\"@id\":\"https:\/\/travelmugla.com\/en\/contact-us\/#breadcrumb\"},\"inLanguage\":\"tr\",\"potentialAction\":[{\"@type\":\"ReadAction\",\"target\":[\"https:\/\/travelmugla.com\/en\/contact-us\/\"]}]},{\"@type\":\"BreadcrumbList\",\"@id\":\"https:\/\/travelmugla.com\/en\/contact-us\/#breadcrumb\",\"itemListElement\":[{\"@type\":\"ListItem\",\"position\":1,\"name\":\"Ana sayfa\",\"item\":\"https:\/\/travelmugla.com\/en\/\"},{\"@type\":\"ListItem\",\"position\":2,\"name\":\"Contact Us\"}]},{\"@type\":\"WebSite\",\"@id\":\"https:\/\/travelmugla.com\/en\/#website\",\"url\":\"https:\/\/travelmugla.com\/en\/\",\"name\":\"Mugla is Always Best Idea\",\"description\":\"Mugla is Always Best Idea\",\"potentialAction\":[{\"@type\":\"SearchAction\",\"target\":{\"@type\":\"EntryPoint\",\"urlTemplate\":\"https:\/\/travelmugla.com\/en\/?s={search_term_string}\"},\"query-input\":\"required name=search_term_string\"}],\"inLanguage\":\"tr\"}]}<\/script>\n<!-- \/ Yoast SEO plugin. -->","yoast_head_json":{"title":"Contact Us - Mugla is Always Best Idea","description":"Travelmugla.com olarak \u00e7\u0131kt\u0131\u011f\u0131m\u0131z bu yolda kurumsal i\u015fbirli\u011fi, tak\u0131m arkada\u015fl\u0131\u011f\u0131, sosyal sorumluluk projeleri, istek, \u00f6neri konular\u0131na her zaman a\u00e7\u0131\u011f\u0131z.","robots":{"index":"index","follow":"follow","max-snippet":"max-snippet:-1","max-image-preview":"max-image-preview:large","max-video-preview":"max-video-preview:-1"},"canonical":"https:\/\/travelmugla.com\/en\/contact-us\/","og_locale":"tr_TR","og_type":"article","og_title":"Contact Us - Mugla is Always Best Idea","og_description":"Travelmugla.com olarak \u00e7\u0131kt\u0131\u011f\u0131m\u0131z bu yolda kurumsal i\u015fbirli\u011fi, tak\u0131m arkada\u015fl\u0131\u011f\u0131, sosyal sorumluluk projeleri, istek, \u00f6neri konular\u0131na her zaman a\u00e7\u0131\u011f\u0131z.","og_url":"https:\/\/travelmugla.com\/en\/contact-us\/","og_site_name":"Mugla is Always Best Idea","article_modified_time":"2019-11-05T10:50:39+00:00","twitter_card":"summary_large_image","schema":{"@context":"https:\/\/schema.org","@graph":[{"@type":"WebPage","@id":"https:\/\/travelmugla.com\/en\/contact-us\/","url":"https:\/\/travelmugla.com\/en\/contact-us\/","name":"Contact Us - Mugla is Always Best Idea","isPartOf":{"@id":"https:\/\/travelmugla.com\/en\/#website"},"datePublished":"2019-08-05T10:29:46+00:00","dateModified":"2019-11-05T10:50:39+00:00","description":"Travelmugla.com olarak \u00e7\u0131kt\u0131\u011f\u0131m\u0131z bu yolda kurumsal i\u015fbirli\u011fi, tak\u0131m arkada\u015fl\u0131\u011f\u0131, sosyal sorumluluk projeleri, istek, \u00f6neri konular\u0131na her zaman a\u00e7\u0131\u011f\u0131z.","breadcrumb":{"@id":"https:\/\/travelmugla.com\/en\/contact-us\/#breadcrumb"},"inLanguage":"tr","potentialAction":[{"@type":"ReadAction","target":["https:\/\/travelmugla.com\/en\/contact-us\/"]}]},{"@type":"BreadcrumbList","@id":"https:\/\/travelmugla.com\/en\/contact-us\/#breadcrumb","itemListElement":[{"@type":"ListItem","position":1,"name":"Ana sayfa","item":"https:\/\/travelmugla.com\/en\/"},{"@type":"ListItem","position":2,"name":"Contact Us"}]},{"@type":"WebSite","@id":"https:\/\/travelmugla.com\/en\/#website","url":"https:\/\/travelmugla.com\/en\/","name":"Mugla is Always Best Idea","description":"Mugla is Always Best Idea","potentialAction":[{"@type":"SearchAction","target":{"@type":"EntryPoint","urlTemplate":"https:\/\/travelmugla.com\/en\/?s={search_term_string}"},"query-input":"required name=search_term_string"}],"inLanguage":"tr"}]}},"_links":{"self":[{"href":"https:\/\/travelmugla.com\/en\/wp-json\/wp\/v2\/pages\/13131"}],"collection":[{"href":"https:\/\/travelmugla.com\/en\/wp-json\/wp\/v2\/pages"}],"about":[{"href":"https:\/\/travelmugla.com\/en\/wp-json\/wp\/v2\/types\/page"}],"author":[{"embeddable":true,"href":"https:\/\/travelmugla.com\/en\/wp-json\/wp\/v2\/users\/1"}],"replies":[{"embeddable":true,"href":"https:\/\/travelmugla.com\/en\/wp-json\/wp\/v2\/comments?post=13131"}],"version-history":[{"count":1,"href":"https:\/\/travelmugla.com\/en\/wp-json\/wp\/v2\/pages\/13131\/revisions"}],"predecessor-version":[{"id":13668,"href":"https:\/\/travelmugla.com\/en\/wp-json\/wp\/v2\/pages\/13131\/revisions\/13668"}],"wp:attachment":[{"href":"https:\/\/travelmugla.com\/en\/wp-json\/wp\/v2\/media?parent=13131"}],"curies":[{"name":"wp","href":"https:\/\/api.w.org\/{rel}","templated":true}]}}