{"id":13311,"date":"2019-08-21T23:04:34","date_gmt":"2019-08-21T20:04:34","guid":{"rendered":"http:\/\/www.travelmugla.com\/?page_id=13311"},"modified":"2019-10-21T15:49:30","modified_gmt":"2019-10-21T12:49:30","slug":"camping-area-map","status":"publish","type":"page","link":"https:\/\/travelmugla.com\/en\/camping-area-map\/","title":{"rendered":"CAMPING AREA MAP"},"content":{"rendered":"<p>[et_pb_section bb_built=&#8221;1&#8243;][et_pb_row][et_pb_column type=&#8221;4_4&#8243;][et_pb_code _builder_version=&#8221;3.15&#8243;]&lt;iframe src=&#8221;https:\/\/www.google.com\/maps\/d\/embed?mid=1xY2nus4FsFjW5i6Aeash6P4TqdTE_Pmx&#8221; width=&#8221;1200&#8243; height=&#8221;600&#8243;&gt;&lt;\/iframe&gt;[\/et_pb_code][et_pb_text _builder_version=&#8221;3.15&#8243;]<\/p>\n<p style=\"text-align: justify;\"><span style=\"font-family: helvetica, arial, sans-serif; font-size: 12pt;\">Mu\u011fla&#8217;da kamp yapabilece\u011finiz kamp alanlar\u0131n\u0131n bulundu\u011fu haritam\u0131z\u0131 sizlerin de deste\u011fiyle en g\u00fcncel halde tutmaya \u00e7al\u0131\u015f\u0131yoruz.<\/span><\/p>\n<p style=\"text-align: justify;\"><span style=\"font-family: helvetica, arial, sans-serif; font-size: 12pt;\">Sizlerde \u00f6zellikle \u00fccretsiz olarak kamp yapt\u0131\u011f\u0131n\u0131z yerleri a\u015fa\u011f\u0131daki form arac\u0131l\u0131\u011f\u0131yla bizlere iletirseniz bizlerde haritada i\u015faretleyerek di\u011fer kamp sever arkada\u015flar\u0131m\u0131za yard\u0131mc\u0131 olmu\u015f oluruz.<\/span><\/p>\n<p>[\/et_pb_text][et_pb_contact_form _builder_version=&#8221;3.15&#8243;][et_pb_contact_field field_title=&#8221;\u0130sim&#8221; field_type=&#8221;input&#8221; field_id=&#8221;Name&#8221; required_mark=&#8221;on&#8221; fullwidth_field=&#8221;off&#8221; _builder_version=&#8221;3.15&#8243; \/][et_pb_contact_field field_title=&#8221;E-posta adresi&#8221; field_type=&#8221;email&#8221; field_id=&#8221;Email&#8221; required_mark=&#8221;on&#8221; fullwidth_field=&#8221;off&#8221; _builder_version=&#8221;3.15&#8243; \/][et_pb_contact_field field_title=&#8221;Kamp Alan\u0131 Bildir&#8221; field_type=&#8221;text&#8221; field_id=&#8221;Kamp_Alan\u0131_Bildir&#8221; required_mark=&#8221;on&#8221; fullwidth_field=&#8221;on&#8221; _builder_version=&#8221;3.15&#8243; checkbox_checked=&#8221;off&#8221; checkbox_options=&#8221;%91{%22value%22:%22Mesaj%22,%22checked%22:0}%93&#8243; radio_options=&#8221;%91{%22value%22:%22Mesaj%22,%22checked%22:0}%93&#8243; select_options=&#8221;%91{%22value%22:%22Mesaj%22,%22checked%22:0}%93&#8243; min_length=&#8221;0&#8243; max_length=&#8221;0&#8243; allowed_symbols=&#8221;all&#8221; conditional_logic=&#8221;off&#8221; conditional_logic_relation=&#8221;off&#8221; conditional_logic_rules=&#8221;%91{%22field%22:%22name%22,%22condition%22:%22is%22,%22value%22:%22%22}%93&#8243; use_background_color_gradient=&#8221;off&#8221; background_color_gradient_start=&#8221;#2b87da&#8221; background_color_gradient_end=&#8221;#29c4a9&#8243; background_color_gradient_type=&#8221;linear&#8221; background_color_gradient_direction=&#8221;180deg&#8221; background_color_gradient_direction_radial=&#8221;center&#8221; background_color_gradient_start_position=&#8221;0%&#8221; background_color_gradient_end_position=&#8221;100%&#8221; background_color_gradient_overlays_image=&#8221;off&#8221; parallax=&#8221;off&#8221; parallax_method=&#8221;on&#8221; background_size=&#8221;cover&#8221; background_position=&#8221;center&#8221; background_repeat=&#8221;no-repeat&#8221; background_blend=&#8221;normal&#8221; allow_player_pause=&#8221;off&#8221; background_video_pause_outside_viewport=&#8221;on&#8221; form_field_text_shadow_style=&#8221;none&#8221; box_shadow_style=&#8221;none&#8221; \/][\/et_pb_contact_form][\/et_pb_column][\/et_pb_row][\/et_pb_section]<\/p>\n","protected":false},"excerpt":{"rendered":"<p>Mu\u011fla&#8217;da kamp yapabilece\u011finiz \u00fccretli veya \u00fccretsiz mu\u011fla kamp alanlar\u0131n\u0131n bulundu\u011fu &#8220;mu\u011fla kamp alanlar\u0131 &#8221; haritas\u0131n\u0131 en g\u00fcncel haliyle sizlere sunuyoruz<\/p>\n","protected":false},"author":1,"featured_media":0,"parent":0,"menu_order":0,"comment_status":"closed","ping_status":"closed","template":"","meta":{"_mi_skip_tracking":false},"yoast_head":"<!-- This site is optimized with the Yoast SEO plugin v20.6 - https:\/\/yoast.com\/wordpress\/plugins\/seo\/ -->\n<title>CAMPING AREA MAP - Mugla is Always Best Idea<\/title>\n<meta name=\"description\" content=\"Mu\u011fla&#039;da kamp yapabilece\u011finiz \u00fccretli veya \u00fccretsiz mu\u011fla kamp alanlar\u0131n\u0131n bulundu\u011fu &quot;mu\u011fla kamp alanlar\u0131 &quot; haritas\u0131n\u0131 en g\u00fcncel haliyle sizlere sunuyoruz\" \/>\n<meta name=\"robots\" content=\"index, follow, max-snippet:-1, max-image-preview:large, max-video-preview:-1\" \/>\n<link rel=\"canonical\" href=\"https:\/\/travelmugla.com\/en\/camping-area-map\/\" \/>\n<meta property=\"og:locale\" content=\"tr_TR\" \/>\n<meta property=\"og:type\" content=\"article\" \/>\n<meta property=\"og:title\" content=\"CAMPING AREA MAP - Mugla is Always Best Idea\" \/>\n<meta property=\"og:description\" content=\"Mu\u011fla&#039;da kamp yapabilece\u011finiz \u00fccretli veya \u00fccretsiz mu\u011fla kamp alanlar\u0131n\u0131n bulundu\u011fu &quot;mu\u011fla kamp alanlar\u0131 &quot; haritas\u0131n\u0131 en g\u00fcncel haliyle sizlere sunuyoruz\" \/>\n<meta property=\"og:url\" content=\"https:\/\/travelmugla.com\/en\/camping-area-map\/\" \/>\n<meta property=\"og:site_name\" content=\"Mugla is Always Best Idea\" \/>\n<meta property=\"article:modified_time\" content=\"2019-10-21T12:49:30+00:00\" \/>\n<meta name=\"twitter:card\" content=\"summary_large_image\" \/>\n<meta name=\"twitter:label1\" content=\"Tahmini okuma s\u00fcresi\" \/>\n\t<meta name=\"twitter:data1\" content=\"2 dakika\" \/>\n<script type=\"application\/ld+json\" class=\"yoast-schema-graph\">{\"@context\":\"https:\/\/schema.org\",\"@graph\":[{\"@type\":\"WebPage\",\"@id\":\"https:\/\/travelmugla.com\/en\/camping-area-map\/\",\"url\":\"https:\/\/travelmugla.com\/en\/camping-area-map\/\",\"name\":\"CAMPING AREA MAP - Mugla is Always Best Idea\",\"isPartOf\":{\"@id\":\"https:\/\/travelmugla.com\/en\/#website\"},\"datePublished\":\"2019-08-21T20:04:34+00:00\",\"dateModified\":\"2019-10-21T12:49:30+00:00\",\"description\":\"Mu\u011fla'da kamp yapabilece\u011finiz \u00fccretli veya \u00fccretsiz mu\u011fla kamp alanlar\u0131n\u0131n bulundu\u011fu \\\"mu\u011fla kamp alanlar\u0131 \\\" haritas\u0131n\u0131 en g\u00fcncel haliyle sizlere sunuyoruz\",\"breadcrumb\":{\"@id\":\"https:\/\/travelmugla.com\/en\/camping-area-map\/#breadcrumb\"},\"inLanguage\":\"tr\",\"potentialAction\":[{\"@type\":\"ReadAction\",\"target\":[\"https:\/\/travelmugla.com\/en\/camping-area-map\/\"]}]},{\"@type\":\"BreadcrumbList\",\"@id\":\"https:\/\/travelmugla.com\/en\/camping-area-map\/#breadcrumb\",\"itemListElement\":[{\"@type\":\"ListItem\",\"position\":1,\"name\":\"Ana sayfa\",\"item\":\"https:\/\/travelmugla.com\/en\/\"},{\"@type\":\"ListItem\",\"position\":2,\"name\":\"CAMPING AREA MAP\"}]},{\"@type\":\"WebSite\",\"@id\":\"https:\/\/travelmugla.com\/en\/#website\",\"url\":\"https:\/\/travelmugla.com\/en\/\",\"name\":\"Mugla is Always Best Idea\",\"description\":\"Mugla is Always Best Idea\",\"potentialAction\":[{\"@type\":\"SearchAction\",\"target\":{\"@type\":\"EntryPoint\",\"urlTemplate\":\"https:\/\/travelmugla.com\/en\/?s={search_term_string}\"},\"query-input\":\"required name=search_term_string\"}],\"inLanguage\":\"tr\"}]}<\/script>\n<!-- \/ Yoast SEO plugin. -->","yoast_head_json":{"title":"CAMPING AREA MAP - Mugla is Always Best Idea","description":"Mu\u011fla'da kamp yapabilece\u011finiz \u00fccretli veya \u00fccretsiz mu\u011fla kamp alanlar\u0131n\u0131n bulundu\u011fu \"mu\u011fla kamp alanlar\u0131 \" haritas\u0131n\u0131 en g\u00fcncel haliyle sizlere sunuyoruz","robots":{"index":"index","follow":"follow","max-snippet":"max-snippet:-1","max-image-preview":"max-image-preview:large","max-video-preview":"max-video-preview:-1"},"canonical":"https:\/\/travelmugla.com\/en\/camping-area-map\/","og_locale":"tr_TR","og_type":"article","og_title":"CAMPING AREA MAP - Mugla is Always Best Idea","og_description":"Mu\u011fla'da kamp yapabilece\u011finiz \u00fccretli veya \u00fccretsiz mu\u011fla kamp alanlar\u0131n\u0131n bulundu\u011fu \"mu\u011fla kamp alanlar\u0131 \" haritas\u0131n\u0131 en g\u00fcncel haliyle sizlere sunuyoruz","og_url":"https:\/\/travelmugla.com\/en\/camping-area-map\/","og_site_name":"Mugla is Always Best Idea","article_modified_time":"2019-10-21T12:49:30+00:00","twitter_card":"summary_large_image","twitter_misc":{"Tahmini okuma s\u00fcresi":"2 dakika"},"schema":{"@context":"https:\/\/schema.org","@graph":[{"@type":"WebPage","@id":"https:\/\/travelmugla.com\/en\/camping-area-map\/","url":"https:\/\/travelmugla.com\/en\/camping-area-map\/","name":"CAMPING AREA MAP - Mugla is Always Best Idea","isPartOf":{"@id":"https:\/\/travelmugla.com\/en\/#website"},"datePublished":"2019-08-21T20:04:34+00:00","dateModified":"2019-10-21T12:49:30+00:00","description":"Mu\u011fla'da kamp yapabilece\u011finiz \u00fccretli veya \u00fccretsiz mu\u011fla kamp alanlar\u0131n\u0131n bulundu\u011fu \"mu\u011fla kamp alanlar\u0131 \" haritas\u0131n\u0131 en g\u00fcncel haliyle sizlere sunuyoruz","breadcrumb":{"@id":"https:\/\/travelmugla.com\/en\/camping-area-map\/#breadcrumb"},"inLanguage":"tr","potentialAction":[{"@type":"ReadAction","target":["https:\/\/travelmugla.com\/en\/camping-area-map\/"]}]},{"@type":"BreadcrumbList","@id":"https:\/\/travelmugla.com\/en\/camping-area-map\/#breadcrumb","itemListElement":[{"@type":"ListItem","position":1,"name":"Ana sayfa","item":"https:\/\/travelmugla.com\/en\/"},{"@type":"ListItem","position":2,"name":"CAMPING AREA MAP"}]},{"@type":"WebSite","@id":"https:\/\/travelmugla.com\/en\/#website","url":"https:\/\/travelmugla.com\/en\/","name":"Mugla is Always Best Idea","description":"Mugla is Always Best Idea","potentialAction":[{"@type":"SearchAction","target":{"@type":"EntryPoint","urlTemplate":"https:\/\/travelmugla.com\/en\/?s={search_term_string}"},"query-input":"required name=search_term_string"}],"inLanguage":"tr"}]}},"_links":{"self":[{"href":"https:\/\/travelmugla.com\/en\/wp-json\/wp\/v2\/pages\/13311"}],"collection":[{"href":"https:\/\/travelmugla.com\/en\/wp-json\/wp\/v2\/pages"}],"about":[{"href":"https:\/\/travelmugla.com\/en\/wp-json\/wp\/v2\/types\/page"}],"author":[{"embeddable":true,"href":"https:\/\/travelmugla.com\/en\/wp-json\/wp\/v2\/users\/1"}],"replies":[{"embeddable":true,"href":"https:\/\/travelmugla.com\/en\/wp-json\/wp\/v2\/comments?post=13311"}],"version-history":[{"count":1,"href":"https:\/\/travelmugla.com\/en\/wp-json\/wp\/v2\/pages\/13311\/revisions"}],"predecessor-version":[{"id":13573,"href":"https:\/\/travelmugla.com\/en\/wp-json\/wp\/v2\/pages\/13311\/revisions\/13573"}],"wp:attachment":[{"href":"https:\/\/travelmugla.com\/en\/wp-json\/wp\/v2\/media?parent=13311"}],"curies":[{"name":"wp","href":"https:\/\/api.w.org\/{rel}","templated":true}]}}