{"id":13543,"date":"2019-05-08T15:02:53","date_gmt":"2019-05-08T12:02:53","guid":{"rendered":"http:\/\/www.travelmugla.com\/?page_id=3"},"modified":"2019-05-08T15:02:53","modified_gmt":"2019-05-08T12:02:53","slug":"gizlilik-politikasi-2","status":"publish","type":"page","link":"https:\/\/travelmugla.com\/en\/gizlilik-politikasi-2\/","title":{"rendered":"Gizlilik politikas\u0131"},"content":{"rendered":"<p style=\"text-align: justify;\"><span style=\"font-family: helvetica, arial, sans-serif; font-size: 12pt;\">Sitemiz, ziyaret\u00e7ilerimize ait bilgilerin gizlili\u011fini ve g\u00fcvenli\u011fini sa\u011flama hususuna \u00f6zel bir \u00f6nem g\u00f6stermektedir. Bu husus sitemizin bu konudaki hassasiyetinin gere\u011fi olmas\u0131n\u0131n yan\u0131 s\u0131ra, ilgili yasal mevzuat uyar\u0131nca da sitemizin yasal bir y\u00fck\u00fcml\u00fcl\u00fc\u011f\u00fcd\u00fcr. Ziyaret\u00e7ilerimize ait bilgilerin korunmas\u0131 ve yasal mevzuata uygun davranma konusunda azami \u00f6zen g\u00f6sterilmesine dair yakla\u015f\u0131m\u0131m\u0131z \u00e7er\u00e7evesinde, t\u00fcm \u00e7al\u0131\u015fanlar\u0131m\u0131z\u0131n bu konuda gereken hassasiyeti en y\u00fcksek d\u00fczeyde g\u00f6stermesini sa\u011flamak i\u00e7in, Sitemiz mevzuat\u0131nda bu hususta detayl\u0131 d\u00fczenlemelere gidilmekte, y\u00fcr\u00fct\u00fclen her t\u00fcrl\u00fc uygulama ve s\u00fcre\u00e7te ziyaret\u00e7i bilgilerinin korunmas\u0131 hususu \u00f6nemle g\u00f6z \u00f6n\u00fcnde bulundurulmaktad\u0131r.<\/span><\/p>\n<p style=\"text-align: justify;\">\n<span style=\"font-family: helvetica, arial, sans-serif; font-size: 12pt;\">Web sitemizin ziyaret edilmesi s\u0131ras\u0131nda otomatik olan veya olmayan y\u00f6ntemlerle kaydetti\u011fimiz ve elektronik olarak bizimle payla\u015ft\u0131\u011f\u0131n\u0131z ki\u015fisel verileriniz, \u00f6ncelikle taleplerinizin yerine getirilmesini temin edebilmek, daha sonra ise Travelmugla olarak size daha iyi hizmet sunmak amac\u0131yla kullan\u0131lacakt\u0131r. Ayr\u0131ca Travelmugla Gizlilik Politikas\u0131 h\u00fck\u00fcmleri do\u011frultusunda, ki\u015fisel verilerinizin korunmas\u0131 ve g\u00fcvenli\u011fi ile ilgili gereken \u00f6zeni g\u00f6stermekteyiz.<\/span><\/p>\n<p style=\"text-align: justify;\">\n<span style=\"font-family: helvetica, arial, sans-serif; font-size: 12pt;\">Ziyaret\u00e7ilerimize ait ki\u015fisel veriler dahil olmak \u00fczere t\u00fcm bilgiler ziyaret\u00e7ilerimizin onay\u0131 olmaks\u0131z\u0131n, ilgili yasal mevzuat h\u00fck\u00fcmlerinin \u00f6ng\u00f6rd\u00fc\u011f\u00fc bi\u00e7imde bu bilgilere eri\u015fme yetkisi olan yasal kurumlar ve yetkililer hari\u00e7 olmak \u00fczere hi\u00e7bir \u015fekil ve surette \u00fc\u00e7\u00fcnc\u00fc taraflarla payla\u015f\u0131lmamaktad\u0131r.<\/span><\/p>\n<p style=\"text-align: justify;\">\n<span style=\"font-family: helvetica, arial, sans-serif; font-size: 12pt;\">Web sitemiz, destek hizmeti ald\u0131\u011f\u0131 kurulu\u015flar\u0131n,\u00a0 Web sitemizin gizlilik standartlar\u0131na ve \u015fartlar\u0131na uymalar\u0131n\u0131 sa\u011flamaktad\u0131r.<\/span><\/p>\n<p style=\"text-align: justify;\">\n<span style=\"font-family: helvetica, arial, sans-serif; font-size: 12pt;\">Bu do\u011frultuda, Web sitemiz ve ziyaret\u00e7ilerimize ili\u015fkin t\u00fcm bilgilerin yetkisiz eri\u015fimlerden, hatal\u0131 kullan\u0131m ve de\u011fi\u015fikliklerden, bozulma ve yok edilmekten korunmas\u0131; bilginin gizlili\u011finin, b\u00fct\u00fcnl\u00fc\u011f\u00fcn\u00fcn ve kullan\u0131labilirli\u011finin sa\u011flanmas\u0131 temel yakla\u015f\u0131m\u0131m\u0131zd\u0131r.<\/span><\/p>\n<p style=\"text-align: justify;\">\n<span style=\"font-family: helvetica, arial, sans-serif; font-size: 12pt;\">Bu politikada yer verilen taahh\u00fctler bu web sitesinde ve web sitemiz di\u011fer kanallar\u0131 arac\u0131l\u0131\u011f\u0131yla payla\u015f\u0131lan bilgiler i\u00e7in ge\u00e7erli olup bu sitede linki verilen web sitelerinde ve di\u011fer web sitelerinde ziyaret edilen web sitelerinin gizlilik ilkeleri, etik ilkeleri ve kullan\u0131m \u015fartlar\u0131 ge\u00e7erli olup bu sitelerde u\u011franabilecek maddi\/manevi kay\u0131plardan web sitemiz sorumlu de\u011fildir.<\/span><\/p>\n<p style=\"text-align: justify;\">\n<span style=\"font-family: helvetica, arial, sans-serif; font-size: 12pt;\">\u015eahsi bilgilerinizi (adres, telefon, faks, e-posta adresi vb.) web sitemiz ile payla\u015fman\u0131z halinde s\u00f6z konusu bilgiler sadece talep etti\u011finiz hizmetin sunulmas\u0131, de\u011fi\u015fiklik, bilgilendirme, kullan\u0131m ve bak\u0131m hizmetleri ile s\u00f6zle\u015fmenin yenilenmesine ili\u015fkin iletileri g\u00f6ndermek i\u00e7in kullan\u0131lacak ve yasal zorunluluklar veya izniniz haricinde kesinlikle 3. \u015fah\u0131s ve kurumlarla payla\u015f\u0131lmayacakt\u0131r.<\/span><\/p>\n<p style=\"text-align: justify;\">\n<span style=\"font-family: helvetica, arial, sans-serif; font-size: 12pt;\">Web sitemiz gizlilik ve veri koruma prensiplerini g\u00fcncel tutmak ve ilgili mevzuata uygun hale getirmek i\u00e7in Gizlilik Politikas\u0131nda \u00f6nceden haber vermeksizin de\u011fi\u015fiklikler yapma hakk\u0131n\u0131 sakl\u0131 tutar. Gizlilik Politikas\u0131n\u0131 de\u011fi\u015ftirmeye karar verdi\u011fimiz takdirde, de\u011fi\u015fen politika web sitemizde ilan edilecektir.<\/span><\/p>\n<p style=\"text-align: justify;\">\n<span style=\"font-family: helvetica, arial, sans-serif; font-size: 12pt;\">travelmugla ekibi,<\/span><\/p>\n","protected":false},"excerpt":{"rendered":"<p>Sitemiz, ziyaret\u00e7ilerimize ait bilgilerin gizlili\u011fini ve g\u00fcvenli\u011fini sa\u011flama hususuna \u00f6zel bir \u00f6nem g\u00f6stermektedir. Bu husus sitemizin bu konudaki hassasiyetinin gere\u011fi olmas\u0131n\u0131n yan\u0131 s\u0131ra, ilgili yasal mevzuat uyar\u0131nca da sitemizin yasal bir y\u00fck\u00fcml\u00fcl\u00fc\u011f\u00fcd\u00fcr. Ziyaret\u00e7ilerimize ait bilgilerin korunmas\u0131 ve yasal mevzuata uygun davranma konusunda azami \u00f6zen g\u00f6sterilmesine dair yakla\u015f\u0131m\u0131m\u0131z \u00e7er\u00e7evesinde, t\u00fcm \u00e7al\u0131\u015fanlar\u0131m\u0131z\u0131n bu konuda gereken hassasiyeti en [&hellip;]<\/p>\n","protected":false},"author":1,"featured_media":0,"parent":0,"menu_order":0,"comment_status":"closed","ping_status":"open","template":"","meta":{"_mi_skip_tracking":false},"yoast_head":"<!-- This site is optimized with the Yoast SEO plugin v20.6 - https:\/\/yoast.com\/wordpress\/plugins\/seo\/ -->\n<title>Gizlilik politikas\u0131 - Mugla is Always Best Idea<\/title>\n<meta name=\"robots\" content=\"index, follow, max-snippet:-1, max-image-preview:large, max-video-preview:-1\" \/>\n<link rel=\"canonical\" href=\"https:\/\/travelmugla.com\/en\/gizlilik-politikasi-2\/\" \/>\n<meta property=\"og:locale\" content=\"tr_TR\" \/>\n<meta property=\"og:type\" content=\"article\" \/>\n<meta property=\"og:title\" content=\"Gizlilik politikas\u0131 - Mugla is Always Best Idea\" \/>\n<meta property=\"og:description\" content=\"Sitemiz, ziyaret\u00e7ilerimize ait bilgilerin gizlili\u011fini ve g\u00fcvenli\u011fini sa\u011flama hususuna \u00f6zel bir \u00f6nem g\u00f6stermektedir. Bu husus sitemizin bu konudaki hassasiyetinin gere\u011fi olmas\u0131n\u0131n yan\u0131 s\u0131ra, ilgili yasal mevzuat uyar\u0131nca da sitemizin yasal bir y\u00fck\u00fcml\u00fcl\u00fc\u011f\u00fcd\u00fcr. Ziyaret\u00e7ilerimize ait bilgilerin korunmas\u0131 ve yasal mevzuata uygun davranma konusunda azami \u00f6zen g\u00f6sterilmesine dair yakla\u015f\u0131m\u0131m\u0131z \u00e7er\u00e7evesinde, t\u00fcm \u00e7al\u0131\u015fanlar\u0131m\u0131z\u0131n bu konuda gereken hassasiyeti en [&hellip;]\" \/>\n<meta property=\"og:url\" content=\"https:\/\/travelmugla.com\/en\/gizlilik-politikasi-2\/\" \/>\n<meta property=\"og:site_name\" content=\"Mugla is Always Best Idea\" \/>\n<meta name=\"twitter:card\" content=\"summary_large_image\" \/>\n<meta name=\"twitter:label1\" content=\"Tahmini okuma s\u00fcresi\" \/>\n\t<meta name=\"twitter:data1\" content=\"2 dakika\" \/>\n<script type=\"application\/ld+json\" class=\"yoast-schema-graph\">{\"@context\":\"https:\/\/schema.org\",\"@graph\":[{\"@type\":\"WebPage\",\"@id\":\"https:\/\/travelmugla.com\/en\/gizlilik-politikasi-2\/\",\"url\":\"https:\/\/travelmugla.com\/en\/gizlilik-politikasi-2\/\",\"name\":\"Gizlilik politikas\u0131 - Mugla is Always Best Idea\",\"isPartOf\":{\"@id\":\"https:\/\/travelmugla.com\/en\/#website\"},\"datePublished\":\"2019-05-08T12:02:53+00:00\",\"dateModified\":\"2019-05-08T12:02:53+00:00\",\"breadcrumb\":{\"@id\":\"https:\/\/travelmugla.com\/en\/gizlilik-politikasi-2\/#breadcrumb\"},\"inLanguage\":\"tr\",\"potentialAction\":[{\"@type\":\"ReadAction\",\"target\":[\"https:\/\/travelmugla.com\/en\/gizlilik-politikasi-2\/\"]}]},{\"@type\":\"BreadcrumbList\",\"@id\":\"https:\/\/travelmugla.com\/en\/gizlilik-politikasi-2\/#breadcrumb\",\"itemListElement\":[{\"@type\":\"ListItem\",\"position\":1,\"name\":\"Ana sayfa\",\"item\":\"https:\/\/travelmugla.com\/en\/\"},{\"@type\":\"ListItem\",\"position\":2,\"name\":\"Gizlilik politikas\u0131\"}]},{\"@type\":\"WebSite\",\"@id\":\"https:\/\/travelmugla.com\/en\/#website\",\"url\":\"https:\/\/travelmugla.com\/en\/\",\"name\":\"Mugla is Always Best Idea\",\"description\":\"Mugla is Always Best Idea\",\"potentialAction\":[{\"@type\":\"SearchAction\",\"target\":{\"@type\":\"EntryPoint\",\"urlTemplate\":\"https:\/\/travelmugla.com\/en\/?s={search_term_string}\"},\"query-input\":\"required name=search_term_string\"}],\"inLanguage\":\"tr\"}]}<\/script>\n<!-- \/ Yoast SEO plugin. -->","yoast_head_json":{"title":"Gizlilik politikas\u0131 - Mugla is Always Best Idea","robots":{"index":"index","follow":"follow","max-snippet":"max-snippet:-1","max-image-preview":"max-image-preview:large","max-video-preview":"max-video-preview:-1"},"canonical":"https:\/\/travelmugla.com\/en\/gizlilik-politikasi-2\/","og_locale":"tr_TR","og_type":"article","og_title":"Gizlilik politikas\u0131 - Mugla is Always Best Idea","og_description":"Sitemiz, ziyaret\u00e7ilerimize ait bilgilerin gizlili\u011fini ve g\u00fcvenli\u011fini sa\u011flama hususuna \u00f6zel bir \u00f6nem g\u00f6stermektedir. Bu husus sitemizin bu konudaki hassasiyetinin gere\u011fi olmas\u0131n\u0131n yan\u0131 s\u0131ra, ilgili yasal mevzuat uyar\u0131nca da sitemizin yasal bir y\u00fck\u00fcml\u00fcl\u00fc\u011f\u00fcd\u00fcr. Ziyaret\u00e7ilerimize ait bilgilerin korunmas\u0131 ve yasal mevzuata uygun davranma konusunda azami \u00f6zen g\u00f6sterilmesine dair yakla\u015f\u0131m\u0131m\u0131z \u00e7er\u00e7evesinde, t\u00fcm \u00e7al\u0131\u015fanlar\u0131m\u0131z\u0131n bu konuda gereken hassasiyeti en [&hellip;]","og_url":"https:\/\/travelmugla.com\/en\/gizlilik-politikasi-2\/","og_site_name":"Mugla is Always Best Idea","twitter_card":"summary_large_image","twitter_misc":{"Tahmini okuma s\u00fcresi":"2 dakika"},"schema":{"@context":"https:\/\/schema.org","@graph":[{"@type":"WebPage","@id":"https:\/\/travelmugla.com\/en\/gizlilik-politikasi-2\/","url":"https:\/\/travelmugla.com\/en\/gizlilik-politikasi-2\/","name":"Gizlilik politikas\u0131 - Mugla is Always Best Idea","isPartOf":{"@id":"https:\/\/travelmugla.com\/en\/#website"},"datePublished":"2019-05-08T12:02:53+00:00","dateModified":"2019-05-08T12:02:53+00:00","breadcrumb":{"@id":"https:\/\/travelmugla.com\/en\/gizlilik-politikasi-2\/#breadcrumb"},"inLanguage":"tr","potentialAction":[{"@type":"ReadAction","target":["https:\/\/travelmugla.com\/en\/gizlilik-politikasi-2\/"]}]},{"@type":"BreadcrumbList","@id":"https:\/\/travelmugla.com\/en\/gizlilik-politikasi-2\/#breadcrumb","itemListElement":[{"@type":"ListItem","position":1,"name":"Ana sayfa","item":"https:\/\/travelmugla.com\/en\/"},{"@type":"ListItem","position":2,"name":"Gizlilik politikas\u0131"}]},{"@type":"WebSite","@id":"https:\/\/travelmugla.com\/en\/#website","url":"https:\/\/travelmugla.com\/en\/","name":"Mugla is Always Best Idea","description":"Mugla is Always Best Idea","potentialAction":[{"@type":"SearchAction","target":{"@type":"EntryPoint","urlTemplate":"https:\/\/travelmugla.com\/en\/?s={search_term_string}"},"query-input":"required name=search_term_string"}],"inLanguage":"tr"}]}},"_links":{"self":[{"href":"https:\/\/travelmugla.com\/en\/wp-json\/wp\/v2\/pages\/13543"}],"collection":[{"href":"https:\/\/travelmugla.com\/en\/wp-json\/wp\/v2\/pages"}],"about":[{"href":"https:\/\/travelmugla.com\/en\/wp-json\/wp\/v2\/types\/page"}],"author":[{"embeddable":true,"href":"https:\/\/travelmugla.com\/en\/wp-json\/wp\/v2\/users\/1"}],"replies":[{"embeddable":true,"href":"https:\/\/travelmugla.com\/en\/wp-json\/wp\/v2\/comments?post=13543"}],"version-history":[{"count":0,"href":"https:\/\/travelmugla.com\/en\/wp-json\/wp\/v2\/pages\/13543\/revisions"}],"wp:attachment":[{"href":"https:\/\/travelmugla.com\/en\/wp-json\/wp\/v2\/media?parent=13543"}],"curies":[{"name":"wp","href":"https:\/\/api.w.org\/{rel}","templated":true}]}}